{"id":163,"date":"2025-01-06T11:05:34","date_gmt":"2025-01-06T11:05:34","guid":{"rendered":"https:\/\/veo23gromov.ita.voco.ee\/wordpress\/?post_type=product&#038;p=163"},"modified":"2025-01-10T10:16:06","modified_gmt":"2025-01-10T10:16:06","slug":"hoiukarp","status":"publish","type":"product","link":"https:\/\/veo23gromov.ita.voco.ee\/wordpress\/e-pood\/e-pood\/hoiukarp","title":{"rendered":"Hoiukarp"},"content":{"rendered":"<div class=\"flex max-w-full flex-col flex-grow\">\n<div class=\"min-h-8 text-message flex w-full flex-col items-end gap-2 whitespace-normal break-words text-start [.text-message+&amp;]:mt-5\" dir=\"auto\" data-message-author-role=\"assistant\" data-message-id=\"7c1a145d-560b-41a8-b457-a49290e26767\" data-message-model-slug=\"gpt-4o-mini\">\n<div class=\"flex w-full flex-col gap-1 empty:hidden first:pt-[3px]\">\n<div class=\"markdown prose w-full break-words dark:prose-invert light\">\n<p><strong>Isikup\u00e4rane hoiukarp<\/strong><\/p>\n<p>Hoia oma asju stiilselt ja korrastatult meie k\u00e4sit\u00f6\u00f6 hoiukarbis, mis on valmistatud tugevast pappmaterjalist. Praktiline ja vastupidav hoiukarp sobib igaks otstarbeks \u2013 olgu tegemist paberite, v\u00e4ikeste esemete v\u00f5i muude igap\u00e4evaste tarvikutega. Lisaks on v\u00f5imalus esitada oma v\u00e4rvieelistusi, et karp sobituks t\u00e4pselt sinu kodu v\u00f5i kontori interj\u00f6\u00f6riga.<\/p>\n<p><strong>Omadused:<\/strong><\/p>\n<ul>\n<li><strong>Materjal:<\/strong> Tugev papp ja kvaliteetsed pabermaterjalid, mis tagavad vastupidavuse ja pika kasutusea.<\/li>\n<li><strong>Kohandatav:<\/strong> V\u00f5imalus valida v\u00e4rvieelistus, et karp sobiks sinu soovidega.<\/li>\n<li><strong>Suurus:<\/strong> Kompaktne ja praktiline m\u00f5\u00f5t, et mahutada erinevaid esemeid ja hoida korda.<\/li>\n<li><strong>Kasutus:<\/strong> Sobib kodus, kontoris v\u00f5i isegi kingituseks.<\/li>\n<li><strong>Disain:<\/strong> Lihtne ja elegantne v\u00e4limus, mis sobib igasse ruumi.<\/li>\n<\/ul>\n<p>Telli oma personaalne hoiukarp ja too oma ruumidesse korrap\u00e4ra ja stiili!<\/p>\n<p><strong>Lisa see praktiline ja kaunis hoiukarp ostukorvi juba t\u00e4na!<\/strong><\/p>\n<\/div>\n<\/div>\n<\/div>\n<\/div>\n","protected":false},"excerpt":{"rendered":"<p>Tugevast papist ja erinevatest pabermaterjalidest valmistatud hoiukarp, millele saad valida v\u00e4rvieelistuse. Ideaalne lahendus asjade korrastamiseks ja interj\u00f6\u00f6ri kaunistamiseks!<\/p>\n","protected":false},"featured_media":1091,"comment_status":"open","ping_status":"closed","template":"","meta":[],"product_brand":[],"product_cat":[43,16],"product_tag":[44,45,46,29],"class_list":{"0":"post-163","1":"product","2":"type-product","3":"status-publish","4":"has-post-thumbnail","6":"product_cat-hoiukarbid","7":"product_cat-populaarsed-tooted","8":"product_tag-hoiukarp","9":"product_tag-isikuparane-karp","10":"product_tag-karp","11":"product_tag-kingitus","13":"first","14":"instock","15":"taxable","16":"shipping-taxable","17":"purchasable","18":"product-type-simple"},"_links":{"self":[{"href":"https:\/\/veo23gromov.ita.voco.ee\/wordpress\/wp-json\/wp\/v2\/product\/163","targetHints":{"allow":["GET"]}}],"collection":[{"href":"https:\/\/veo23gromov.ita.voco.ee\/wordpress\/wp-json\/wp\/v2\/product"}],"about":[{"href":"https:\/\/veo23gromov.ita.voco.ee\/wordpress\/wp-json\/wp\/v2\/types\/product"}],"replies":[{"embeddable":true,"href":"https:\/\/veo23gromov.ita.voco.ee\/wordpress\/wp-json\/wp\/v2\/comments?post=163"}],"version-history":[{"count":1,"href":"https:\/\/veo23gromov.ita.voco.ee\/wordpress\/wp-json\/wp\/v2\/product\/163\/revisions"}],"predecessor-version":[{"id":1079,"href":"https:\/\/veo23gromov.ita.voco.ee\/wordpress\/wp-json\/wp\/v2\/product\/163\/revisions\/1079"}],"wp:featuredmedia":[{"embeddable":true,"href":"https:\/\/veo23gromov.ita.voco.ee\/wordpress\/wp-json\/wp\/v2\/media\/1091"}],"wp:attachment":[{"href":"https:\/\/veo23gromov.ita.voco.ee\/wordpress\/wp-json\/wp\/v2\/media?parent=163"}],"wp:term":[{"taxonomy":"product_brand","embeddable":true,"href":"https:\/\/veo23gromov.ita.voco.ee\/wordpress\/wp-json\/wp\/v2\/product_brand?post=163"},{"taxonomy":"product_cat","embeddable":true,"href":"https:\/\/veo23gromov.ita.voco.ee\/wordpress\/wp-json\/wp\/v2\/product_cat?post=163"},{"taxonomy":"product_tag","embeddable":true,"href":"https:\/\/veo23gromov.ita.voco.ee\/wordpress\/wp-json\/wp\/v2\/product_tag?post=163"}],"curies":[{"name":"wp","href":"https:\/\/api.w.org\/{rel}","templated":true}]}}